{"id":6109,"date":"2022-08-01T19:23:06","date_gmt":"2022-08-01T19:23:06","guid":{"rendered":"https:\/\/ehms.hallco.org\/web\/?page_id=6109"},"modified":"2026-01-07T14:51:06","modified_gmt":"2026-01-07T14:51:06","slug":"canvas-parent-observer-account","status":"publish","type":"page","link":"https:\/\/ehms.hallco.org\/web\/canvas-parent-observer-account\/","title":{"rendered":"canvas parent observer account"},"content":{"rendered":"<section  class='av_textblock_section av-l6b5matu-493da20563aa27ad9d371d18da62344d '   itemscope=\"itemscope\" itemtype=\"https:\/\/schema.org\/CreativeWork\" ><div class='avia_textblock'  itemprop=\"text\" ><p>Parents can view students daily assignments in their Canvas courses with a \u201cParent Observer\u201d account.\u00a0 Parents can create a \u201cCanvas Parent Observer\u201d account with the directions below.<\/p>\n<p><strong>FIRST &#8211; Create your Parent Observer Account<\/strong><\/p>\n<ul>\n<li><a href=\"https:\/\/ehms.hallco.org\/web\/wp-content\/uploads\/2020\/08\/EHMS-Parent-Observer-Role-Directions.pdf\" target=\"_blank\" rel=\"noopener\">EHMS Parent Observer Role Directions<\/a><\/li>\n<li>Video Directions on YouTube &#8211; <a href=\"https:\/\/youtu.be\/t-5sWZODhY8?si=xjNqurBR7Cp-Qw3L\">https:\/\/youtu.be\/t-5sWZODhY8?si=xjNqurBR7Cp-Qw3L<\/a><\/li>\n<\/ul>\n<h3 style=\"text-align: center;\"><strong>Learn how to use your &#8220;Canvas Parent Observer Account&#8221; to track your student&#8217;s daily assignments.\u00a0<\/strong><\/h3>\n<p>If an EHMS student is absent on any date and able to complete school work at home, the student should complete the work for all six class periods for the date the student is absent.<\/p>\n<p>These assignments can be found by locating the &#8221; Assignments by Date&#8221; icon in each subject&#8217;s Canvas Course in Launchpoint ( <a href=\"https:\/\/go.hallco.org\">go.hallco.org<\/a> ). All students access their work at school daily using this method and are familiar with how to find &#8220;Assignments by Date&#8221; in each Canvas course. Students can also use &#8220;Canvas Inbox&#8221; to directly message their teachers any questions.<\/p>\n<p>To see a video that shows how to navigate to the &#8220;Assignments by Date&#8221; inside a Canvas course please watch\u00a0 <a href=\"https:\/\/urldefense.com\/v3\/__https:\/youtu.be\/jQRWRQtevfA__;!!K11088rx17tOAcNq4Q!hioKSrLxh6gS54bGEid4w3SilnK8tT-qZMM4XVNhHMikdD-zN4tN1oSr4Lvr1Cx4ArGM$\">https:\/\/youtu.be\/jQRWRQtevfA<\/a><\/p>\n<p><img loading=\"lazy\" decoding=\"async\" class=\"alignnone wp-image-5801\" src=\"https:\/\/ehms.hallco.org\/web\/wp-content\/uploads\/2021\/09\/Assignments-by-Date-4.png\" alt=\"\" width=\"858\" height=\"343\" srcset=\"https:\/\/ehms.hallco.org\/web\/wp-content\/uploads\/2021\/09\/Assignments-by-Date-4.png 500w, https:\/\/ehms.hallco.org\/web\/wp-content\/uploads\/2021\/09\/Assignments-by-Date-4-300x120.png 300w\" sizes=\"auto, (max-width: 858px) 100vw, 858px\" \/><br \/>\n***Espanol****<\/p>\n<p>Los padres pueden ver las tareas diarias de los estudiantes en sus cursos de Canvas con una cuenta de \u201cPadre observador\u201d. Los padres pueden crear una cuenta \u201cCanvas Parent Observer\u201d con las instrucciones a continuaci\u00f3n.<\/p>\n<ul>\n<li><a href=\"https:\/\/ehms.hallco.org\/web\/wp-content\/uploads\/2020\/08\/EHMS-Parent-Observer-Role-Directions-in-Spanish.pdf\" target=\"_blank\" rel=\"noopener\">EHMS Parent Observer Role Directions (Spanish)<\/a>Padres de estudiantes de EHMS: si un estudiante de EHMS est\u00e1 ausente en cualquier fecha y puede completar el trabajo escolar en casa, el estudiante debe completar el trabajo de las seis \u00a0clase durante la fecha en que el estudiante est\u00e9 ausente.Estas asignaciones se pueden encontrar ubicando el \u00edcono en &#8220;Asignaciones por fecha&#8221; en Canvas de cada asignatura en Launchpoint ( <a href=\"https:\/\/go.hallco.org\/\">go.hallco.org<\/a>). Todos los estudiantes acceden a su trabajo en la escuela diariamente usando este m\u00e9todo y est\u00e1n familiarizados en c\u00f3mo encontrar &#8220;Asignaciones por fecha&#8221; de cada curso en Canvas. Los estudiantes tambi\u00e9n pueden usar &#8220;Inbox \u00a0de Canvas&#8221; para enviar mensajes directamente a sus maestros con cualquier pregunta.Para ver un video que muestra c\u00f3mo navegar las &#8220;Asignaciones por fecha&#8221; dentro de un curso de Canvas, mire <a href=\"https:\/\/urldefense.com\/v3\/__https:\/youtu.be\/jQRWRQtevfA__;!!K11088rx17tOAcNq4Q!hioKSrLxh6gS54bGEid4w3SilnK8tT-qZMM4XVNhHMikdD-zN4tN1oSr4Lvr1Cx4ArGM$\">https:\/\/youtu.be\/jQRWRQtevfA<\/a>\u00a0.<\/li>\n<\/ul>\n<\/div><\/section>\n","protected":false},"excerpt":{"rendered":"","protected":false},"author":6,"featured_media":0,"parent":0,"menu_order":0,"comment_status":"closed","ping_status":"closed","template":"","meta":{"_monsterinsights_skip_tracking":false,"_monsterinsights_sitenote_active":false,"_monsterinsights_sitenote_note":"","_monsterinsights_sitenote_category":0,"footnotes":""},"class_list":["post-6109","page","type-page","status-publish","hentry"],"_links":{"self":[{"href":"https:\/\/ehms.hallco.org\/web\/wp-json\/wp\/v2\/pages\/6109","targetHints":{"allow":["GET"]}}],"collection":[{"href":"https:\/\/ehms.hallco.org\/web\/wp-json\/wp\/v2\/pages"}],"about":[{"href":"https:\/\/ehms.hallco.org\/web\/wp-json\/wp\/v2\/types\/page"}],"author":[{"embeddable":true,"href":"https:\/\/ehms.hallco.org\/web\/wp-json\/wp\/v2\/users\/6"}],"replies":[{"embeddable":true,"href":"https:\/\/ehms.hallco.org\/web\/wp-json\/wp\/v2\/comments?post=6109"}],"version-history":[{"count":5,"href":"https:\/\/ehms.hallco.org\/web\/wp-json\/wp\/v2\/pages\/6109\/revisions"}],"predecessor-version":[{"id":7121,"href":"https:\/\/ehms.hallco.org\/web\/wp-json\/wp\/v2\/pages\/6109\/revisions\/7121"}],"wp:attachment":[{"href":"https:\/\/ehms.hallco.org\/web\/wp-json\/wp\/v2\/media?parent=6109"}],"curies":[{"name":"wp","href":"https:\/\/api.w.org\/{rel}","templated":true}]}}