{"id":1355,"date":"2014-10-17T16:03:07","date_gmt":"2014-10-17T16:03:07","guid":{"rendered":"http:\/\/ehms.hallco.org\/web\/?page_id=1355"},"modified":"2019-09-10T14:15:04","modified_gmt":"2019-09-10T14:15:04","slug":"ehms-mission-vision-englishspanish","status":"publish","type":"page","link":"https:\/\/ehms.hallco.org\/web\/ehms-mission-vision-englishspanish\/","title":{"rendered":"EHMS Mission &#038; Vision &#8211; English\/Spanish"},"content":{"rendered":"\n<style type=\"text\/css\" data-created_by=\"avia_inline_auto\" id=\"style-css-av-jumzbcli-045324788ded763d199bfab968b8c0bc\">\n.avia-section.av-jumzbcli-045324788ded763d199bfab968b8c0bc{\nbackground-color:#000000;\nbackground-repeat:no-repeat;\nbackground-image:url(https:\/\/ehms.hallco.org\/web\/wp-content\/uploads\/2019\/04\/EHMS_SecondaryLogo04-988x1030.png), linear-gradient( to right, #000000, #cfb788 );\nbackground-position:100% 50%;\nbackground-attachment:scroll;\n}\n<\/style>\n<div id='av_section_1'  class='avia-section av-jumzbcli-045324788ded763d199bfab968b8c0bc main_color avia-section-default avia-no-border-styling  avia-builder-el-0  el_before_av_section  avia-builder-el-first  avia-bg-style-scroll container_wrap sidebar_right'  data-section-bg-repeat='no-repeat'><div class='container av-section-cont-open' ><main  role=\"main\" itemprop=\"mainContentOfPage\"  class='template-page content  av-content-small alpha units'><div class='post-entry post-entry-type-page post-entry-1355'><div class='entry-content-wrapper clearfix'>\n\n<style type=\"text\/css\" data-created_by=\"avia_inline_auto\" id=\"style-css-av-juobx4vj-2e4275624ab4137c6672eb636e8aa595\">\n#top .av-special-heading.av-juobx4vj-2e4275624ab4137c6672eb636e8aa595{\npadding-bottom:10px;\ncolor:#ffffff;\nfont-size:49px;\n}\nbody .av-special-heading.av-juobx4vj-2e4275624ab4137c6672eb636e8aa595 .av-special-heading-tag .heading-char{\nfont-size:25px;\n}\n#top #wrap_all .av-special-heading.av-juobx4vj-2e4275624ab4137c6672eb636e8aa595 .av-special-heading-tag{\nfont-size:49px;\n}\n.av-special-heading.av-juobx4vj-2e4275624ab4137c6672eb636e8aa595 .special-heading-inner-border{\nborder-color:#ffffff;\n}\n.av-special-heading.av-juobx4vj-2e4275624ab4137c6672eb636e8aa595 .av-subheading{\nfont-size:15px;\n}\n\n@media only screen and (min-width: 480px) and (max-width: 767px){ \n#top #wrap_all .av-special-heading.av-juobx4vj-2e4275624ab4137c6672eb636e8aa595 .av-special-heading-tag{\nfont-size:0.8em;\n}\n}\n\n@media only screen and (max-width: 479px){ \n#top #wrap_all .av-special-heading.av-juobx4vj-2e4275624ab4137c6672eb636e8aa595 .av-special-heading-tag{\nfont-size:0.8em;\n}\n}\n<\/style>\n<div  class='av-special-heading av-juobx4vj-2e4275624ab4137c6672eb636e8aa595 av-special-heading-h1 custom-color-heading blockquote modern-quote  avia-builder-el-1  avia-builder-el-no-sibling  av-thin-font av-inherit-size'><h1 class='av-special-heading-tag '  itemprop=\"headline\"  >Mission <span class='special_amp'>&amp;<\/span> <strong>Vision<\/strong><\/h1><div class=\"special-heading-border\"><div class=\"special-heading-inner-border\"><\/div><\/div><\/div>\n\n<\/div><\/div><\/main><!-- close content main element --><\/div><\/div>\n<style type=\"text\/css\" data-created_by=\"avia_inline_auto\" id=\"style-css-av-jwarvfam-6dea06fd94b0eae75261365be21e6e79\">\n.avia-section.av-jwarvfam-6dea06fd94b0eae75261365be21e6e79 .av-parallax .av-parallax-inner{\nbackground-repeat:no-repeat;\nbackground-image:url(https:\/\/ehms.hallco.org\/web\/wp-content\/uploads\/2019\/05\/casual-cellphones-children-2124916.jpg);\nbackground-position:50% 50%;\nbackground-attachment:scroll;\n}\n.avia-section.av-jwarvfam-6dea06fd94b0eae75261365be21e6e79 .av-section-color-overlay{\nopacity:0.9;\nbackground-color:#ffffff;\n}\n<\/style>\n<div id='av_section_2'  class='avia-section av-jwarvfam-6dea06fd94b0eae75261365be21e6e79 main_color avia-section-default avia-no-border-styling  avia-builder-el-2  el_after_av_section  avia-builder-el-last  avia-full-stretch av-parallax-section avia-bg-style-parallax av-section-color-overlay-active container_wrap sidebar_right'  data-section-bg-repeat='stretch'><div class='av-parallax' data-avia-parallax-ratio='0.3' ><div class='av-parallax-inner main_color avia-full-stretch'><\/div><\/div><div class=\"av-section-color-overlay-wrap\"><div class=\"av-section-color-overlay\"><\/div><div class='container av-section-cont-open' ><div class='template-page content  av-content-small alpha units'><div class='post-entry post-entry-type-page post-entry-1355'><div class='entry-content-wrapper clearfix'>\n<section  class='av_textblock_section av-7znzf-528eac9d627575fca694981666557ceb '   itemscope=\"itemscope\" itemtype=\"https:\/\/schema.org\/CreativeWork\" ><div class='avia_textblock'  itemprop=\"text\" ><p><strong><span style=\"font-size: 12pt;\">EHMS MISSION<\/span><\/strong><\/p>\n<p style=\"text-align: left;\"><span style=\"font-size: 12pt;\">&#8220;Every Child.\u00a0 Every Day.&#8221;<\/span><\/p>\n<p style=\"text-align: left;\"><strong><span style=\"font-size: 12pt;\">EHMS VISION<\/span><\/strong><\/p>\n<p style=\"text-align: left;\"><span style=\"font-size: 12pt;\">\u201cThe East Hall Middle School community is committed to continuous school improvement and to fostering the confidence in our students to be risk-takers and problem solvers. Our vision is for our students to reach their full potential and achieve success in future endeavors. Through the applications of technology, innovative learning, and disciplined inquiry, we strive to encourage lifelong learning as we prepare students to be responsible and productive members of society.\u201d<\/span><\/p>\n<p style=\"text-align: left;\"><span style=\"font-size: 12pt;\"><!--more--><\/span><\/p>\n<p style=\"text-align: left;\"><strong><span style=\"font-size: 12pt;\">EHMS BELIEFS<\/span><\/strong><\/p>\n<p style=\"text-align: left;\"><span style=\"font-size: 12pt;\">At East Hall Middle School, we believe that all students:<\/span><\/p>\n<p style=\"text-align: left;\"><span style=\"font-size: 12pt;\">can be successful.<\/span><\/p>\n<p style=\"text-align: left;\"><span style=\"font-size: 12pt;\">must be held to high expectations.<\/span><\/p>\n<p style=\"text-align: left;\"><span style=\"font-size: 12pt;\">deserve to learn in a safe and nurturing environment.<\/span><\/p>\n<p style=\"text-align: left;\"><span style=\"font-size: 12pt;\">benefit from authentic learning opportunities.<\/span><\/p>\n<p style=\"text-align: left;\"><span style=\"font-size: 12pt;\">should be active and reflective learners.<\/span><\/p>\n<hr \/>\n<p style=\"text-align: left;\"><strong><span style=\"font-size: 12pt;\">MISI\u00d3N DE EHMS<\/span><\/strong><\/p>\n<p style=\"text-align: left;\"><span style=\"font-size: 12pt;\">&#8220;Cada ni\u00f1o. Todos los d\u00edas.&#8221;<\/span><\/p>\n<p style=\"text-align: left;\"><strong><span style=\"font-size: 12pt;\">VISION DE EHMS<\/span><\/strong><\/p>\n<p style=\"text-align: left;\"><span style=\"font-size: 12pt;\">&#8220;La comunidad de East Hall Middle School est\u00e1 comprometida con la mejora continua de la escuela y para el fomento de la confianza en nuestros estudiantes para que sean audaces y solucionadores de problemas. Nuestra visi\u00f3n es que nuestros estudiantes alcancen su m\u00e1ximo potencial y logren el \u00e9xito en sus proyectos futuros. A trav\u00e9s de las aplicaciones de la tecnolog\u00eda, aprendizaje innovador y la investigaci\u00f3n disciplinada, nos esforzamos por fomentar el aprendizaje permanente en como preparamos a los estudiantes para ser miembros responsables y productivos de la sociedad &#8220;.<\/span><\/p>\n<p style=\"text-align: left;\"><strong><span style=\"font-size: 12pt;\">CREENCIAS DE EHMS<\/span><\/strong><\/p>\n<p style=\"text-align: left;\"><span style=\"font-size: 12pt;\">En East Hall Middle School, creemos que todos los estudiantes:<\/span><\/p>\n<p style=\"text-align: left;\"><span style=\"font-size: 12pt;\">o puede tener \u00e9xito.<\/span><\/p>\n<p style=\"text-align: left;\"><span style=\"font-size: 12pt;\">o deben rendir grandes expectativas.<\/span><\/p>\n<p style=\"text-align: left;\"><span style=\"font-size: 12pt;\">o merecen aprender en un ambiente seguro y acogedor.<\/span><\/p>\n<p style=\"text-align: left;\"><span style=\"font-size: 12pt;\">o beneficiarse de las aut\u00e9nticas oportunidades de aprendizaje.<\/span><\/p>\n<p style=\"text-align: left;\"><span style=\"font-size: 12pt;\">o deben ser aprendices activos y reflexivos.<\/span><\/p>\n<\/div><\/section>\n<\/div><\/div><\/div><!-- close content main div --><\/div><\/div><\/div><div id='after_section_2'  class='main_color av_default_container_wrap container_wrap sidebar_right'  ><div class='container av-section-cont-open' ><div class='template-page content  av-content-small alpha units'><div class='post-entry post-entry-type-page post-entry-1355'><div class='entry-content-wrapper clearfix'>\n","protected":false},"excerpt":{"rendered":"<p>EHMS MISSION &#8220;Every Child.\u00a0 Every Day.&#8221; EHMS VISION \u201cThe East Hall Middle School community is committed to continuous school improvement and to fostering the confidence in our students to be risk-takers and problem solvers. Our vision is for our students to reach their full potential and achieve success in future endeavors. Through the applications of [&hellip;]<\/p>\n","protected":false},"author":6,"featured_media":0,"parent":0,"menu_order":0,"comment_status":"closed","ping_status":"closed","template":"","meta":{"_monsterinsights_skip_tracking":false,"_monsterinsights_sitenote_active":false,"_monsterinsights_sitenote_note":"","_monsterinsights_sitenote_category":0,"footnotes":""},"class_list":["post-1355","page","type-page","status-publish","hentry"],"_links":{"self":[{"href":"https:\/\/ehms.hallco.org\/web\/wp-json\/wp\/v2\/pages\/1355","targetHints":{"allow":["GET"]}}],"collection":[{"href":"https:\/\/ehms.hallco.org\/web\/wp-json\/wp\/v2\/pages"}],"about":[{"href":"https:\/\/ehms.hallco.org\/web\/wp-json\/wp\/v2\/types\/page"}],"author":[{"embeddable":true,"href":"https:\/\/ehms.hallco.org\/web\/wp-json\/wp\/v2\/users\/6"}],"replies":[{"embeddable":true,"href":"https:\/\/ehms.hallco.org\/web\/wp-json\/wp\/v2\/comments?post=1355"}],"version-history":[{"count":0,"href":"https:\/\/ehms.hallco.org\/web\/wp-json\/wp\/v2\/pages\/1355\/revisions"}],"wp:attachment":[{"href":"https:\/\/ehms.hallco.org\/web\/wp-json\/wp\/v2\/media?parent=1355"}],"curies":[{"name":"wp","href":"https:\/\/api.w.org\/{rel}","templated":true}]}}